{"id":652,"date":"2026-03-30T19:52:27","date_gmt":"2026-03-30T19:52:27","guid":{"rendered":"https:\/\/e2.servicios-empresa.com\/?page_id=652"},"modified":"2026-04-17T11:54:32","modified_gmt":"2026-04-17T11:54:32","slug":"cookies","status":"publish","type":"page","link":"https:\/\/e2.servicios-empresa.com\/index.php\/cookies\/","title":{"rendered":"Cookies"},"content":{"rendered":"\t\t<div data-elementor-type=\"wp-page\" data-elementor-id=\"652\" class=\"elementor elementor-652\">\n\t\t\t\t<div class=\"elementor-element elementor-element-f509468 e-flex e-con-boxed wpr-particle-no wpr-jarallax-no wpr-parallax-no wpr-sticky-section-no wpr-equal-height-no e-con e-parent\" data-id=\"f509468\" data-element_type=\"container\" data-e-type=\"container\" data-settings=\"{&quot;background_background&quot;:&quot;classic&quot;}\">\n\t\t\t\t\t<div class=\"e-con-inner\">\n\t\t\t\t\t<\/div>\n\t\t\t\t<\/div>\n\t\t<div class=\"elementor-element elementor-element-6869afc e-flex e-con-boxed wpr-particle-no wpr-jarallax-no wpr-parallax-no wpr-sticky-section-no wpr-equal-height-no e-con e-parent\" data-id=\"6869afc\" data-element_type=\"container\" data-e-type=\"container\" data-settings=\"{&quot;background_background&quot;:&quot;classic&quot;}\">\n\t\t\t\t\t<div class=\"e-con-inner\">\n\t\t<div class=\"elementor-element elementor-element-be177cb e-con-full e-flex wpr-particle-no wpr-jarallax-no wpr-parallax-no wpr-sticky-section-no wpr-equal-height-no e-con e-child\" data-id=\"be177cb\" data-element_type=\"container\" data-e-type=\"container\">\n\t\t\t\t<div class=\"elementor-element elementor-element-472ace2 elementor-widget elementor-widget-elementskit-heading\" data-id=\"472ace2\" data-element_type=\"widget\" data-e-type=\"widget\" data-widget_type=\"elementskit-heading.default\">\n\t\t\t\t\t<div class=\"ekit-wid-con\" ><div class=\"ekit-heading elementskit-section-title-wraper text_left   ekit_heading_tablet-   ekit_heading_mobile-\"><span class=\"elementskit-section-subtitle  elementskit-style-border\">\n\t\t\t\t\t\tPOL\u00cdTICA DE USO DE COOKIES\n\t\t\t\t\t<\/span><\/div><\/div>\t\t\t\t<\/div>\n\t\t\t\t<div class=\"elementor-element elementor-element-5eb7f01 elementor-widget elementor-widget-text-editor\" data-id=\"5eb7f01\" data-element_type=\"widget\" data-e-type=\"widget\" data-widget_type=\"text-editor.default\">\n\t\t\t\t\t\t\t\t\t<p><span style=\"color: #000000;\">En cumplimiento de lo dispuesto en el art\u00edculo 22.2 LSSI, la Web \u00fanicamente utilizar\u00e1 dispositivos de almacenamiento y recuperaci\u00f3n de datos (\u2018Cookies\u2019) cuando el usuario haya dado su consentimiento para ello, de acuerdo con lo que se indica en la ventana emergente del navegador del usuario cuando accede por primera vez a la Web y en los dem\u00e1s t\u00e9rminos y condiciones siguientes que todo usuario debe conocer.<\/span><\/p><p><span style=\"color: #000000;\">Nuestra Pol\u00edtica de Cookies tiene como objetivo ayudar a comprender el uso que hacemos de las cookies, la finalidad de las cookies utilizadas, as\u00ed como las posibles opciones que el usuario dispone para gestionarlas. La pol\u00edtica publicada est\u00e1 sujeta a actualizaciones peri\u00f3dicas.<\/span><\/p><p><span style=\"color: #000000;\">Los usuarios pueden acceder a esta informaci\u00f3n en todo momento mediante el enlace \u201cPol\u00edtica de Cookies\u201d habilitado en la web. Los usuarios pueden modificar las preferencias sobre la aceptaci\u00f3n de cookies a trav\u00e9s de las opciones de su navegador.<\/span><\/p><p><span style=\"color: #000000;\"><strong>\u00bfQu\u00e9 es una cookie?<\/strong><\/span><\/p><p><span style=\"color: #000000;\">Una \u201cCookie\u201d es un peque\u00f1o archivo de texto que un sitio web almacena en el navegador del usuario. Las cookies facilitan el uso y la navegaci\u00f3n por una p\u00e1gina web y son esenciales para el funcionamiento de internet, aportando innumerables ventajas en la prestaci\u00f3n de servicios interactivos.<\/span><\/p><p><span style=\"color: #000000;\">As\u00ed, por ejemplo, son utilizadas para gestionar la sesi\u00f3n del usuario (reduciendo el n\u00famero de veces que se debe introducir la clave), o para adaptar los contenidos de la web a los de sus preferencias, entre otras facilidades. Las cookies no suelen recoger categor\u00edas especiales de datos personales (datos sensibles).<\/span><\/p><p><span style=\"color: #000000;\">M\u00e1s informaci\u00f3n en\u00a0<a style=\"color: #000000;\" href=\"http:\/\/es.wikipedia.org\/wiki\/Cookie_%28inform%C3%A1tica%29\">http:\/\/es.wikipedia.org\/wiki\/Cookie_%28inform%C3%A1tica%29<\/a><\/span><\/p><p><span style=\"color: #000000;\"><strong>\u00bfQu\u00e9 tipos de cookies se utilizan?<\/strong><\/span><\/p><p><span style=\"color: #000000;\"><strong>1.-<\/strong>\u00a0En funci\u00f3n de qui\u00e9n las gestiona:<\/span><\/p><p><span style=\"color: #000000;\"><strong>Cookies propias<\/strong>: son las que se env\u00edan a su navegador desde nuestros equipos o dominios web y desde el que se presta el servicio solicitado.<\/span><\/p><p><span style=\"color: #000000;\"><strong>Cookies de terceros<\/strong>: son las que se env\u00edan a su navegador desde un equipo o dominio web que no gestionamos nosotros, sino una entidad colaboradora como pueda ser Google Analytics.<\/span><\/p><p><span style=\"color: #000000;\"><strong>2.-<\/strong>\u00a0En funci\u00f3n del tiempo que est\u00e1n activas:<\/span><\/p><p><span style=\"color: #000000;\"><strong>Cookies de sesi\u00f3n<\/strong>: son las que permanecen en el archivo de cookies de su navegador hasta que abandona la p\u00e1gina web, de modo que ninguna queda en su dispositivo.<\/span><\/p><p><span style=\"color: #000000;\"><strong>Cookies persistentes<\/strong>: son las que permanecen en su dispositivo y nuestra web las lee cada vez que realiza una nueva visita. Estas cookies dejan de funcionar pasada una fecha concreta.<\/span><\/p><p><span style=\"color: #000000;\"><strong>3.-<\/strong>\u00a0En funci\u00f3n de su finalidad:<\/span><\/p><p><span style=\"color: #000000;\"><strong>Cookies t\u00e9cnicas<\/strong>: son las que mejoran la navegaci\u00f3n y el buen funcionamiento de nuestra web.<\/span><\/p><p><span style=\"color: #000000;\"><strong>Cookies de an\u00e1lisis<\/strong>: son las que permiten medir y analizar estad\u00edsticamente el uso que se hace del servicio prestado. Sirven por ejemplo para saber qui\u00e9n visita la web.<\/span><\/p><p><span style=\"color: #000000;\"><strong>Cookies de personalizaci\u00f3n:\u00a0<\/strong>son aqu\u00e9llas que permiten al usuario acceder al servicio con algunas caracter\u00edsticas de car\u00e1cter general predefinidas en funci\u00f3n de una serie de criterios en el terminal del usuario, como por ejemplo serian el idioma, el tipo de navegador a trav\u00e9s del cual accede al servicio, la configuraci\u00f3n regional desde donde accede al servicio, etc.<\/span><\/p><p><span style=\"color: #000000;\"><strong>Cookies publicitarias<\/strong>: son aqu\u00e9llas que permiten la gesti\u00f3n, de la forma m\u00e1s eficaz posible, de los espacios publicitarios que, en su caso, el editor haya incluido en una p\u00e1gina web, aplicaci\u00f3n o plataforma desde la que presta el servicio solicitado en base a criterios como el contenido editado o la frecuencia en la que se muestran los anuncios.<\/span><\/p><p><span style=\"color: #000000;\"><strong>Cookies de publicidad comportamental<\/strong>: son aqu\u00e9llas que permiten la gesti\u00f3n, de la forma m\u00e1s eficaz posible, de los espacios publicitarios que, en su caso, el editor haya incluido en una p\u00e1gina web, aplicaci\u00f3n o plataforma desde la que presta el servicio solicitado. Estas cookies almacenan informaci\u00f3n del comportamiento de los usuarios obtenida a trav\u00e9s de la observaci\u00f3n continuada de sus h\u00e1bitos de navegaci\u00f3n, lo que permite desarrollar un perfil espec\u00edfico para mostrar publicidad en funci\u00f3n del mismo.<\/span><\/p><p><span style=\"color: #000000;\"><strong>\u00bfQu\u00e9 cookies utilizamos en Compliance-Consigno?<\/strong><\/span><\/p><table width=\"709\" class=\"mtr-table mtr-tr-td\"><tbody><tr><td width=\"123\" data-mtr-content=\"Nombre de la cookie\" class=\"mtr-td-tag\"><div class=\"mtr-cell-content\"><span style=\"color: #000000;\"><strong>Nombre de la cookie<\/strong><\/span><\/div><\/td><td width=\"469\" data-mtr-content=\"Finalidad\" class=\"mtr-td-tag\"><div class=\"mtr-cell-content\"><span style=\"color: #000000;\"><strong>Finalidad<\/strong><\/span><\/div><\/td><td width=\"116\" data-mtr-content=\"Cu\u00e1ndo y c\u00f3mo se guarda\" class=\"mtr-td-tag\"><div class=\"mtr-cell-content\"><span style=\"color: #000000;\"><strong>Cu\u00e1ndo y c\u00f3mo se guarda<\/strong><\/span><\/div><\/td><\/tr><tr><td width=\"123\" data-mtr-content=\"Nombre de la cookie\" class=\"mtr-td-tag\"><div class=\"mtr-cell-content\"><span style=\"color: #000000;\"><strong><em>Sesi\u00f3n<\/em><\/strong><\/span><\/div><\/td><td width=\"469\" data-mtr-content=\"Finalidad\" class=\"mtr-td-tag\"><div class=\"mtr-cell-content\"><span style=\"color: #000000;\">Registrar las entradas de datos del usuario en la web. Propietario: COMPLIANCE-CONSIGNO, S.L.<\/span><\/div><\/td><td width=\"116\" data-mtr-content=\"Cu\u00e1ndo y c\u00f3mo se guarda\" class=\"mtr-td-tag\"><div class=\"mtr-cell-content\"><span style=\"color: #000000;\">Cuando el usuario rellena un formulario<\/span><\/div><\/td><\/tr><tr><td width=\"123\" data-mtr-content=\"Nombre de la cookie\" class=\"mtr-td-tag\"><div class=\"mtr-cell-content\"><span style=\"color: #000000;\"><strong><em>De autenticaci\u00f3n de usuarios<\/em><\/strong><\/span><\/div><\/td><td width=\"469\" data-mtr-content=\"Finalidad\" class=\"mtr-td-tag\"><div class=\"mtr-cell-content\"><span style=\"color: #000000;\">Identificarle como usuario registrado y permitirle la navegaci\u00f3n por los distintos contenidos de la web. Propietario: : COMPLIANCE-CONSIGNO, S.L.<\/span><\/div><\/td><td width=\"116\" data-mtr-content=\"Cu\u00e1ndo y c\u00f3mo se guarda\" class=\"mtr-td-tag\"><div class=\"mtr-cell-content\"><span style=\"color: #000000;\">\u00danicamente mientras dure la sesi\u00f3n<\/span><\/div><\/td><\/tr><tr><td width=\"123\" data-mtr-content=\"Nombre de la cookie\" class=\"mtr-td-tag\"><div class=\"mtr-cell-content\"><span style=\"color: #000000;\"><strong><em>Plug-in de redes sociales<\/em><\/strong><\/span><\/div><\/td><td width=\"469\" data-mtr-content=\"Finalidad\" class=\"mtr-td-tag\"><div class=\"mtr-cell-content\"><span style=\"color: #000000;\">Permitir al usuario compartir contenidos con miembros de una determinada red social. Propietario: Red social que pone la cookie (Twitter Inc., Facebook Inc., \u2026)<\/span><\/div><\/td><td width=\"116\" data-mtr-content=\"Cu\u00e1ndo y c\u00f3mo se guarda\" class=\"mtr-td-tag\"><div class=\"mtr-cell-content\"><span style=\"color: #000000;\">Cuando hay alg\u00fan plugin o bot\u00f3n de compartir en alguna red social<\/span><\/div><\/td><\/tr><tr><td width=\"123\" data-mtr-content=\"Nombre de la cookie\" class=\"mtr-td-tag\"><div class=\"mtr-cell-content\"><span style=\"color: #000000;\"><strong><em>Google Analytics<\/em><\/strong><\/span><\/div><\/td><td width=\"469\" data-mtr-content=\"Finalidad\" class=\"mtr-td-tag\"><div class=\"mtr-cell-content\"><span style=\"color: #000000;\">Para realizar las estad\u00edsticas de uso de la web utilizamos las cookies con la finalidad de conocer el nivel de recurrencia de nuestros visitantes y los contenidos que resultan m\u00e1s interesantes. De esta manera podemos concentrar nuestros esfuerzos en mejorar las \u00e1reas m\u00e1s visitadas y hacer que el usuario encuentre m\u00e1s f\u00e1cilmente lo que busca. En el Sitio Web puede utilizarse la informaci\u00f3n de su visita para realizar evaluaciones y c\u00e1lculos estad\u00edsticos sobre datos an\u00f3nimos, as\u00ed como para garantizar la continuidad del servicio o para realizar mejoras en sus sitios Web .Para m\u00e1s detalles, consulte en el siguiente enlace la pol\u00edtica de privacidad<a style=\"color: #000000;\" href=\"http:\/\/www.google.com\/intl\/es\/policies\/privacy\/\">http:\/\/www.google.com\/intl\/es\/policies\/privacy\/<\/a>\u00a0Propietario: Google Inc.<\/span><\/div><\/td><td width=\"116\" data-mtr-content=\"Cu\u00e1ndo y c\u00f3mo se guarda\" class=\"mtr-td-tag\"><div class=\"mtr-cell-content\"><span style=\"color: #000000;\">Cuando accede a la p\u00e1gina<\/span><\/div><\/td><\/tr><\/tbody><\/table><p><span style=\"color: #000000;\"><strong>\u00a0<\/strong><\/span><\/p><p><span style=\"color: #000000;\"><strong>Modificar la configuraci\u00f3n de las cookies.<\/strong><\/span><\/p><p><span style=\"color: #000000;\">Usted puede restringir, bloquear o borrar las cookies de la Web configurando las preferencias de su navegador. As\u00ed mismo, puede activar la opci\u00f3n de navegaci\u00f3n privada por la que su navegador deja de almacenar el historial de navegaci\u00f3n, sus claves secretas, cookies y dem\u00e1s informaci\u00f3n de las p\u00e1ginas que visite.<\/span><\/p><p><span style=\"color: #000000;\">En cada navegador la configuraci\u00f3n de las cookies es diferente, la funci\u00f3n de \u201cAyuda\u201d le mostrar\u00e1 c\u00f3mo hacerlo, sin embargo, le indicamos los enlaces directos de los principales navegadores sobre el tema:<\/span><\/p><p><span style=\"color: #000000;\"><a style=\"color: #000000;\" href=\"http:\/\/windows.microsoft.com\/es-xl\/internet-explorer\/delete-manage-cookies#ie=ie-10\">InternetExplorer<\/a><\/span><\/p><p><span style=\"color: #000000;\"><a style=\"color: #000000;\" href=\"https:\/\/support.mozilla.org\/es\/kb\/Borrar%20cookies\">FireFox<\/a><\/span><\/p><p><span style=\"color: #000000;\"><a style=\"color: #000000;\" href=\"https:\/\/support.google.com\/chrome\/answer\/95647?hl=es\">Chrome<\/a><\/span><\/p><p><span style=\"color: #000000;\"><a style=\"color: #000000;\" href=\"https:\/\/support.apple.com\/es-es\/HT201265\">Safari<\/a><\/span><\/p><p><span style=\"color: #000000;\">Para terminar, tenga en cuenta que el bloqueo de cookies puede afectar a toda o alguna funcionalidad de la web.<\/span><\/p><p><span style=\"color: #000000;\"><strong>Actualizaciones y cambios en la pol\u00edtica cookies<\/strong><\/span><\/p><p><span style=\"color: #000000;\">La Web puede modificar esta Pol\u00edtica de Cookies en funci\u00f3n de exigencias legislativas, reglamentarias, o con la finalidad de adaptar dicha pol\u00edtica a las instrucciones dictadas por la Agencia Espa\u00f1ola de Protecci\u00f3n de Datos, por ello se aconseja a los Usuarios que la visiten peri\u00f3dicamente.<\/span><\/p><p><span style=\"color: #000000;\">Pol\u00edtica actualizada a 7 de marzo de 2019<\/span><\/p>\t\t\t\t\t\t\t\t<\/div>\n\t\t\t\t<\/div>\n\t\t\t\t\t<\/div>\n\t\t\t\t<\/div>\n\t\t\t\t<\/div>\n\t\t","protected":false},"excerpt":{"rendered":"<p>POL\u00cdTICA DE USO DE COOKIES En cumplimiento de lo dispuesto en el art\u00edculo 22.2 LSSI, la Web \u00fanicamente utilizar\u00e1 dispositivos de almacenamiento y recuperaci\u00f3n de datos (\u2018Cookies\u2019) cuando el usuario haya dado su consentimiento para ello, de acuerdo con lo que se indica en la ventana emergente del navegador del usuario cuando accede por primera vez a la Web y en los dem\u00e1s t\u00e9rminos y condiciones siguientes que todo usuario debe conocer. Nuestra Pol\u00edtica de Cookies tiene como objetivo ayudar a comprender el uso que hacemos de las cookies, la finalidad de las cookies utilizadas, as\u00ed como las posibles opciones que el usuario dispone para gestionarlas. La pol\u00edtica publicada est\u00e1 sujeta a actualizaciones peri\u00f3dicas. Los usuarios pueden acceder a esta informaci\u00f3n en todo momento mediante el enlace \u201cPol\u00edtica de Cookies\u201d habilitado en la web. Los usuarios pueden modificar las preferencias sobre la aceptaci\u00f3n de cookies a trav\u00e9s de las opciones de su navegador. \u00bfQu\u00e9 es una cookie? Una \u201cCookie\u201d es un peque\u00f1o archivo de texto que un sitio web almacena en el navegador del usuario. Las cookies facilitan el uso y la navegaci\u00f3n por una p\u00e1gina web y son esenciales para el funcionamiento de internet, aportando innumerables ventajas en la prestaci\u00f3n de servicios interactivos. As\u00ed, por ejemplo, son utilizadas para gestionar la sesi\u00f3n del usuario (reduciendo el n\u00famero de veces que se debe introducir la clave), o para adaptar los contenidos de la web a los de sus preferencias, entre otras facilidades. Las cookies no suelen recoger categor\u00edas especiales de datos personales (datos sensibles). M\u00e1s informaci\u00f3n en\u00a0http:\/\/es.wikipedia.org\/wiki\/Cookie_%28inform%C3%A1tica%29 \u00bfQu\u00e9 tipos de cookies se utilizan? 1.-\u00a0En funci\u00f3n de qui\u00e9n las gestiona: Cookies propias: son las que se env\u00edan a su navegador desde nuestros equipos o dominios web y desde el que se presta el servicio solicitado. Cookies de terceros: son las que se env\u00edan a su navegador desde un equipo o dominio web que no gestionamos nosotros, sino una entidad colaboradora como pueda ser Google Analytics. 2.-\u00a0En funci\u00f3n del tiempo que est\u00e1n activas: Cookies de sesi\u00f3n: son las que permanecen en el archivo de cookies de su navegador hasta que abandona la p\u00e1gina web, de modo que ninguna queda en su dispositivo. Cookies persistentes: son las que permanecen en su dispositivo y nuestra web las lee cada vez que realiza una nueva visita. Estas cookies dejan de funcionar pasada una fecha concreta. 3.-\u00a0En funci\u00f3n de su finalidad: Cookies t\u00e9cnicas: son las que mejoran la navegaci\u00f3n y el buen funcionamiento de nuestra web. Cookies de an\u00e1lisis: son las que permiten medir y analizar estad\u00edsticamente el uso que se hace del servicio prestado. Sirven por ejemplo para saber qui\u00e9n visita la web. Cookies de personalizaci\u00f3n:\u00a0son aqu\u00e9llas que permiten al usuario acceder al servicio con algunas caracter\u00edsticas de car\u00e1cter general predefinidas en funci\u00f3n de una serie de criterios en el terminal del usuario, como por ejemplo serian el idioma, el tipo de navegador a trav\u00e9s del cual accede al servicio, la configuraci\u00f3n regional desde donde accede al servicio, etc. Cookies publicitarias: son aqu\u00e9llas que permiten la gesti\u00f3n, de la forma m\u00e1s eficaz posible, de los espacios publicitarios que, en su caso, el editor haya incluido en una p\u00e1gina web, aplicaci\u00f3n o plataforma desde la que presta el servicio solicitado en base a criterios como el contenido editado o la frecuencia en la que se muestran los anuncios. Cookies de publicidad comportamental: son aqu\u00e9llas que permiten la gesti\u00f3n, de la forma m\u00e1s eficaz posible, de los espacios publicitarios que, en su caso, el editor haya incluido en una p\u00e1gina web, aplicaci\u00f3n o plataforma desde la que presta el servicio solicitado. Estas cookies almacenan informaci\u00f3n del comportamiento de los usuarios obtenida a trav\u00e9s de la observaci\u00f3n continuada de sus h\u00e1bitos de navegaci\u00f3n, lo que permite desarrollar un perfil espec\u00edfico para mostrar publicidad en funci\u00f3n del mismo. \u00bfQu\u00e9 cookies utilizamos en Compliance-Consigno? Nombre de la cookie Finalidad Cu\u00e1ndo y c\u00f3mo se guarda Sesi\u00f3n Registrar las entradas de datos del usuario en la web. Propietario: COMPLIANCE-CONSIGNO, S.L. Cuando el usuario rellena un formulario De autenticaci\u00f3n de usuarios Identificarle como usuario registrado y permitirle la navegaci\u00f3n por los distintos contenidos de la web. Propietario: : COMPLIANCE-CONSIGNO, S.L. \u00danicamente mientras dure la sesi\u00f3n Plug-in de redes sociales Permitir al usuario compartir contenidos con miembros de una determinada red social. Propietario: Red social que pone la cookie (Twitter Inc., Facebook Inc., \u2026) Cuando hay alg\u00fan plugin o bot\u00f3n de compartir en alguna red social Google Analytics Para realizar las estad\u00edsticas de uso de la web utilizamos las cookies con la finalidad de conocer el nivel de recurrencia de nuestros visitantes y los contenidos que resultan m\u00e1s interesantes. De esta manera podemos concentrar nuestros esfuerzos en mejorar las \u00e1reas m\u00e1s visitadas y hacer que el usuario encuentre m\u00e1s f\u00e1cilmente lo que busca. En el Sitio Web puede utilizarse la informaci\u00f3n de su visita para realizar evaluaciones y c\u00e1lculos estad\u00edsticos sobre datos an\u00f3nimos, as\u00ed como para garantizar la continuidad del servicio o para realizar mejoras en sus sitios Web .Para m\u00e1s detalles, consulte en el siguiente enlace la pol\u00edtica de privacidadhttp:\/\/www.google.com\/intl\/es\/policies\/privacy\/\u00a0Propietario: Google Inc. Cuando accede a la p\u00e1gina \u00a0 Modificar la configuraci\u00f3n de las cookies. Usted puede restringir, bloquear o borrar las cookies de la Web configurando las preferencias de su navegador. As\u00ed mismo, puede activar la opci\u00f3n de navegaci\u00f3n privada por la que su navegador deja de almacenar el historial de navegaci\u00f3n, sus claves secretas, cookies y dem\u00e1s informaci\u00f3n de las p\u00e1ginas que visite. En cada navegador la configuraci\u00f3n de las cookies es diferente, la funci\u00f3n de \u201cAyuda\u201d le mostrar\u00e1 c\u00f3mo hacerlo, sin embargo, le indicamos los enlaces directos de los principales navegadores sobre el tema: InternetExplorer FireFox Chrome Safari Para terminar, tenga en cuenta que el bloqueo de cookies puede afectar a toda o alguna funcionalidad de la web. Actualizaciones y cambios en la pol\u00edtica cookies La Web puede modificar esta Pol\u00edtica de Cookies en funci\u00f3n de exigencias legislativas, reglamentarias, o con la finalidad de adaptar dicha pol\u00edtica a las instrucciones dictadas por la Agencia Espa\u00f1ola de Protecci\u00f3n de Datos, por<\/p>\n","protected":false},"author":1,"featured_media":0,"parent":0,"menu_order":0,"comment_status":"closed","ping_status":"closed","template":"","meta":{"footnotes":""},"class_list":["post-652","page","type-page","status-publish","hentry"],"_links":{"self":[{"href":"https:\/\/e2.servicios-empresa.com\/index.php\/wp-json\/wp\/v2\/pages\/652","targetHints":{"allow":["GET"]}}],"collection":[{"href":"https:\/\/e2.servicios-empresa.com\/index.php\/wp-json\/wp\/v2\/pages"}],"about":[{"href":"https:\/\/e2.servicios-empresa.com\/index.php\/wp-json\/wp\/v2\/types\/page"}],"author":[{"embeddable":true,"href":"https:\/\/e2.servicios-empresa.com\/index.php\/wp-json\/wp\/v2\/users\/1"}],"replies":[{"embeddable":true,"href":"https:\/\/e2.servicios-empresa.com\/index.php\/wp-json\/wp\/v2\/comments?post=652"}],"version-history":[{"count":7,"href":"https:\/\/e2.servicios-empresa.com\/index.php\/wp-json\/wp\/v2\/pages\/652\/revisions"}],"predecessor-version":[{"id":793,"href":"https:\/\/e2.servicios-empresa.com\/index.php\/wp-json\/wp\/v2\/pages\/652\/revisions\/793"}],"wp:attachment":[{"href":"https:\/\/e2.servicios-empresa.com\/index.php\/wp-json\/wp\/v2\/media?parent=652"}],"curies":[{"name":"wp","href":"https:\/\/api.w.org\/{rel}","templated":true}]}}