{"id":523,"date":"2026-03-30T15:31:31","date_gmt":"2026-03-30T15:31:31","guid":{"rendered":"https:\/\/e2.servicios-empresa.com\/?page_id=523"},"modified":"2026-04-22T12:51:00","modified_gmt":"2026-04-22T12:51:00","slug":"apps","status":"publish","type":"page","link":"https:\/\/e2.servicios-empresa.com\/index.php\/apps\/","title":{"rendered":"APP&#8217;s"},"content":{"rendered":"\t\t<div data-elementor-type=\"wp-page\" data-elementor-id=\"523\" class=\"elementor elementor-523\">\n\t\t\t\t<div class=\"elementor-element elementor-element-2973900 e-grid e-con-boxed wpr-particle-no wpr-jarallax-no wpr-parallax-no wpr-sticky-section-no wpr-equal-height-no e-con e-parent\" data-id=\"2973900\" data-element_type=\"container\" data-e-type=\"container\" data-settings=\"{&quot;background_background&quot;:&quot;classic&quot;}\">\n\t\t\t\t\t<div class=\"e-con-inner\">\n\t\t\t\t<div class=\"elementor-element elementor-element-d0ecf84 elementor-widget elementor-widget-elementskit-heading\" data-id=\"d0ecf84\" data-element_type=\"widget\" data-e-type=\"widget\" data-widget_type=\"elementskit-heading.default\">\n\t\t\t\t\t<div class=\"ekit-wid-con\" ><div class=\"ekit-heading elementskit-section-title-wraper text_center   ekit_heading_tablet-   ekit_heading_mobile-\"><h2 class=\"ekit-heading--title elementskit-section-title \">Aplicaciones para facilitar el cumplimiento normativo<\/h2>\t\t\t\t<div class='ekit-heading__description'>\n\t\t\t\t\t<p>En ConSigno hemos desarrollado aplicaciones propias para ayudar a las organizaciones a gestionar sus sistemas de: <strong>Compliance Penal<\/strong>, <strong>Normas ISO<\/strong><\/p>\n<p>Para hacerlo de forma: <strong>Pr\u00e1ctica, Ordenada, Auditable<\/strong><\/p>\n<p>\u00a0<\/p>\n<p><strong>Habla con un experto. Queremos escucharte<\/strong><\/p>\n\t\t\t\t<\/div>\n\t\t\t<\/div><\/div>\t\t\t\t<\/div>\n\t\t\t\t<div class=\"elementor-element elementor-element-658a917 elementor-align--mobilecenter elementor-align--tabletcenter elementor-widget__width-initial elementor-align-center elementor-widget elementor-widget-elementskit-button\" data-id=\"658a917\" data-element_type=\"widget\" data-e-type=\"widget\" data-widget_type=\"elementskit-button.default\">\n\t\t\t\t\t<div class=\"ekit-wid-con\" >\t\t<div class=\"ekit-btn-wraper\">\n\t\t\t\t\t\t\t<a href=\"https:\/\/e2.servicios-empresa.com\/index.php\/sostenibilidad\/\" class=\"elementskit-btn  whitespace--normal\" id=\"\">\n\t\t\t\t\tM\u00e1s info\t\t\t\t<\/a>\n\t\t\t\t\t<\/div>\n        <\/div>\t\t\t\t<\/div>\n\t\t\t\t\t<\/div>\n\t\t\t\t<\/div>\n\t\t<div class=\"elementor-element elementor-element-3f8cf2c e-flex e-con-boxed wpr-particle-no wpr-jarallax-no wpr-parallax-no wpr-sticky-section-no wpr-equal-height-no e-con e-parent\" data-id=\"3f8cf2c\" data-element_type=\"container\" data-e-type=\"container\" data-settings=\"{&quot;background_background&quot;:&quot;classic&quot;}\">\n\t\t\t\t\t<div class=\"e-con-inner\">\n\t\t<div class=\"elementor-element elementor-element-20a0e41 e-con-full e-flex wpr-particle-no wpr-jarallax-no wpr-parallax-no wpr-sticky-section-no wpr-equal-height-no e-con e-child\" data-id=\"20a0e41\" data-element_type=\"container\" data-e-type=\"container\">\n\t\t\t\t<div class=\"elementor-element elementor-element-46c22db elementor-widget elementor-widget-image\" data-id=\"46c22db\" data-element_type=\"widget\" data-e-type=\"widget\" data-widget_type=\"image.default\">\n\t\t\t\t\t\t\t\t\t\t\t\t\t\t\t\t<a href=\"https:\/\/isoaldia-consigno.com\/\">\n\t\t\t\t\t\t\t<img fetchpriority=\"high\" decoding=\"async\" width=\"768\" height=\"768\" src=\"https:\/\/e2.servicios-empresa.com\/wp-content\/uploads\/2026\/03\/isoaldia-768x768-1.jpg\" class=\"attachment-large size-large wp-image-129\" alt=\"\" srcset=\"https:\/\/e2.servicios-empresa.com\/wp-content\/uploads\/2026\/03\/isoaldia-768x768-1.jpg 768w, https:\/\/e2.servicios-empresa.com\/wp-content\/uploads\/2026\/03\/isoaldia-768x768-1-300x300.jpg 300w, https:\/\/e2.servicios-empresa.com\/wp-content\/uploads\/2026\/03\/isoaldia-768x768-1-150x150.jpg 150w\" sizes=\"(max-width: 768px) 100vw, 768px\" \/>\t\t\t\t\t\t\t\t<\/a>\n\t\t\t\t\t\t\t\t\t\t\t\t\t\t\t<\/div>\n\t\t\t\t<\/div>\n\t\t<div class=\"elementor-element elementor-element-6cdc807 e-con-full e-flex wpr-particle-no wpr-jarallax-no wpr-parallax-no wpr-sticky-section-no wpr-equal-height-no e-con e-child\" data-id=\"6cdc807\" data-element_type=\"container\" data-e-type=\"container\">\n\t\t\t\t<div class=\"elementor-element elementor-element-2daea79 elementor-widget elementor-widget-elementskit-heading\" data-id=\"2daea79\" data-element_type=\"widget\" data-e-type=\"widget\" data-widget_type=\"elementskit-heading.default\">\n\t\t\t\t\t<div class=\"ekit-wid-con\" ><div class=\"ekit-heading elementskit-section-title-wraper text_left   ekit_heading_tablet-   ekit_heading_mobile-\"><span class=\"elementskit-section-subtitle  \">\n\t\t\t\t\t\tISOAld\u00eda (Compliance Penal)\n\t\t\t\t\t<\/span><\/div><\/div>\t\t\t\t<\/div>\n\t\t\t\t<div class=\"elementor-element elementor-element-51ce2e9 elementor-widget elementor-widget-text-editor\" data-id=\"51ce2e9\" data-element_type=\"widget\" data-e-type=\"widget\" data-widget_type=\"text-editor.default\">\n\t\t\t\t\t\t\t\t\t<p><strong>Aplicaci\u00f3n dise\u00f1ada para facilitar la gesti\u00f3n, seguimiento y control del sistema de Compliance Penal, permitiendo demostrar diligencia y supervisi\u00f3n efectiva.<\/strong><\/p><p>IsoAld\u00eda es una herramienta creada a partir de nuestra amplia experiencia en Sistemas de Gesti\u00f3n basados en normas ISO Sistemas de Compliance Penal.Habla con un experto. Queremos escucharte.<\/p><p><strong>Habla con un experto. Queremos escucharte.<\/strong><\/p>\t\t\t\t\t\t\t\t<\/div>\n\t\t\t\t<div class=\"elementor-element elementor-element-bc26a55 elementor-align--mobilecenter elementor-align--tabletcenter elementor-widget__width-initial elementor-align-center elementor-widget elementor-widget-elementskit-button\" data-id=\"bc26a55\" data-element_type=\"widget\" data-e-type=\"widget\" data-widget_type=\"elementskit-button.default\">\n\t\t\t\t\t<div class=\"ekit-wid-con\" >\t\t<div class=\"ekit-btn-wraper\">\n\t\t\t\t\t\t\t<a href=\"https:\/\/isoaldia-consigno.com\/\" class=\"elementskit-btn  whitespace--normal\" id=\"\">\n\t\t\t\t\tM\u00e1s info\t\t\t\t<\/a>\n\t\t\t\t\t<\/div>\n        <\/div>\t\t\t\t<\/div>\n\t\t\t\t<\/div>\n\t\t\t\t\t<\/div>\n\t\t\t\t<\/div>\n\t\t<div class=\"elementor-element elementor-element-11b3b28 e-flex e-con-boxed wpr-particle-no wpr-jarallax-no wpr-parallax-no wpr-sticky-section-no wpr-equal-height-no e-con e-parent\" data-id=\"11b3b28\" data-element_type=\"container\" data-e-type=\"container\" data-settings=\"{&quot;background_background&quot;:&quot;classic&quot;}\">\n\t\t\t\t\t<div class=\"e-con-inner\">\n\t\t<div class=\"elementor-element elementor-element-46e3745 e-con-full e-flex wpr-particle-no wpr-jarallax-no wpr-parallax-no wpr-sticky-section-no wpr-equal-height-no e-con e-child\" data-id=\"46e3745\" data-element_type=\"container\" data-e-type=\"container\">\n\t\t\t\t<div class=\"elementor-element elementor-element-2ca2c39 elementor-widget elementor-widget-image\" data-id=\"2ca2c39\" data-element_type=\"widget\" data-e-type=\"widget\" data-widget_type=\"image.default\">\n\t\t\t\t\t\t\t\t\t\t\t\t\t\t\t\t<a href=\"https:\/\/www.eticoaldia.es\/\">\n\t\t\t\t\t\t\t<img decoding=\"async\" width=\"768\" height=\"768\" src=\"https:\/\/e2.servicios-empresa.com\/wp-content\/uploads\/2026\/03\/erticoaldia-768x768-1.jpg\" class=\"attachment-large size-large wp-image-128\" alt=\"\" srcset=\"https:\/\/e2.servicios-empresa.com\/wp-content\/uploads\/2026\/03\/erticoaldia-768x768-1.jpg 768w, https:\/\/e2.servicios-empresa.com\/wp-content\/uploads\/2026\/03\/erticoaldia-768x768-1-300x300.jpg 300w, https:\/\/e2.servicios-empresa.com\/wp-content\/uploads\/2026\/03\/erticoaldia-768x768-1-150x150.jpg 150w\" sizes=\"(max-width: 768px) 100vw, 768px\" \/>\t\t\t\t\t\t\t\t<\/a>\n\t\t\t\t\t\t\t\t\t\t\t\t\t\t\t<\/div>\n\t\t\t\t<\/div>\n\t\t<div class=\"elementor-element elementor-element-f500ac1 e-con-full e-flex wpr-particle-no wpr-jarallax-no wpr-parallax-no wpr-sticky-section-no wpr-equal-height-no e-con e-child\" data-id=\"f500ac1\" data-element_type=\"container\" data-e-type=\"container\">\n\t\t\t\t<div class=\"elementor-element elementor-element-03867d9 elementor-widget elementor-widget-elementskit-heading\" data-id=\"03867d9\" data-element_type=\"widget\" data-e-type=\"widget\" data-widget_type=\"elementskit-heading.default\">\n\t\t\t\t\t<div class=\"ekit-wid-con\" ><div class=\"ekit-heading elementskit-section-title-wraper text_left   ekit_heading_tablet-   ekit_heading_mobile-\"><span class=\"elementskit-section-subtitle  \">\n\t\t\t\t\t\t\u00c9ticoAld\u00eda\n\t\t\t\t\t<\/span><\/div><\/div>\t\t\t\t<\/div>\n\t\t\t\t<div class=\"elementor-element elementor-element-2c3cd1b elementor-widget elementor-widget-text-editor\" data-id=\"2c3cd1b\" data-element_type=\"widget\" data-e-type=\"widget\" data-widget_type=\"text-editor.default\">\n\t\t\t\t\t\t\t\t\t<p>Soluci\u00f3n tecnol\u00f3gica para la gesti\u00f3n del canal de denuncias conforme a la <strong>Ley 2\/2023<\/strong>, integrada con el <strong>sistema de Compliance Penal<\/strong>.<\/p><p><strong>Habla con un experto. Queremos escucharte.<\/strong><\/p>\t\t\t\t\t\t\t\t<\/div>\n\t\t\t\t<div class=\"elementor-element elementor-element-be2ca50 elementor-align--mobilecenter elementor-align--tabletcenter elementor-widget__width-initial elementor-align-center elementor-widget elementor-widget-elementskit-button\" data-id=\"be2ca50\" data-element_type=\"widget\" data-e-type=\"widget\" data-widget_type=\"elementskit-button.default\">\n\t\t\t\t\t<div class=\"ekit-wid-con\" >\t\t<div class=\"ekit-btn-wraper\">\n\t\t\t\t\t\t\t<a href=\"https:\/\/www.eticoaldia.es\/\" class=\"elementskit-btn  whitespace--normal\" id=\"\">\n\t\t\t\t\tM\u00e1s info\t\t\t\t<\/a>\n\t\t\t\t\t<\/div>\n        <\/div>\t\t\t\t<\/div>\n\t\t\t\t<\/div>\n\t\t\t\t\t<\/div>\n\t\t\t\t<\/div>\n\t\t<div class=\"elementor-element elementor-element-d0c7ef5 e-flex e-con-boxed wpr-particle-no wpr-jarallax-no wpr-parallax-no wpr-sticky-section-no wpr-equal-height-no e-con e-parent\" data-id=\"d0c7ef5\" data-element_type=\"container\" data-e-type=\"container\" data-settings=\"{&quot;background_background&quot;:&quot;classic&quot;}\">\n\t\t\t\t\t<div class=\"e-con-inner\">\n\t\t<div class=\"elementor-element elementor-element-70467a3 e-con-full e-flex wpr-particle-no wpr-jarallax-no wpr-parallax-no wpr-sticky-section-no wpr-equal-height-no e-con e-child\" data-id=\"70467a3\" data-element_type=\"container\" data-e-type=\"container\">\n\t\t\t\t<div class=\"elementor-element elementor-element-abd9ac5 elementor-widget elementor-widget-image\" data-id=\"abd9ac5\" data-element_type=\"widget\" data-e-type=\"widget\" data-widget_type=\"image.default\">\n\t\t\t\t\t\t\t\t\t\t\t\t\t\t\t\t<a href=\"https:\/\/www.eticoaldia.es\/\">\n\t\t\t\t\t\t\t<img decoding=\"async\" width=\"768\" height=\"768\" src=\"https:\/\/e2.servicios-empresa.com\/wp-content\/uploads\/2026\/03\/actaldialogo-768x768-1.jpg\" class=\"attachment-large size-large wp-image-127\" alt=\"\" srcset=\"https:\/\/e2.servicios-empresa.com\/wp-content\/uploads\/2026\/03\/actaldialogo-768x768-1.jpg 768w, https:\/\/e2.servicios-empresa.com\/wp-content\/uploads\/2026\/03\/actaldialogo-768x768-1-300x300.jpg 300w, https:\/\/e2.servicios-empresa.com\/wp-content\/uploads\/2026\/03\/actaldialogo-768x768-1-150x150.jpg 150w\" sizes=\"(max-width: 768px) 100vw, 768px\" \/>\t\t\t\t\t\t\t\t<\/a>\n\t\t\t\t\t\t\t\t\t\t\t\t\t\t\t<\/div>\n\t\t\t\t<\/div>\n\t\t<div class=\"elementor-element elementor-element-3b7080f e-con-full e-flex wpr-particle-no wpr-jarallax-no wpr-parallax-no wpr-sticky-section-no wpr-equal-height-no e-con e-child\" data-id=\"3b7080f\" data-element_type=\"container\" data-e-type=\"container\">\n\t\t\t\t<div class=\"elementor-element elementor-element-8296390 elementor-widget elementor-widget-elementskit-heading\" data-id=\"8296390\" data-element_type=\"widget\" data-e-type=\"widget\" data-widget_type=\"elementskit-heading.default\">\n\t\t\t\t\t<div class=\"ekit-wid-con\" ><div class=\"ekit-heading elementskit-section-title-wraper text_left   ekit_heading_tablet-   ekit_heading_mobile-\"><span class=\"elementskit-section-subtitle  \">\n\t\t\t\t\t\tActaAld\u00eda\n\t\t\t\t\t<\/span><\/div><\/div>\t\t\t\t<\/div>\n\t\t\t\t<div class=\"elementor-element elementor-element-36f9bc2 elementor-widget elementor-widget-text-editor\" data-id=\"36f9bc2\" data-element_type=\"widget\" data-e-type=\"widget\" data-widget_type=\"text-editor.default\">\n\t\t\t\t\t\t\t\t\t<p><strong>ActaAld\u00eda<\/strong> es una herramienta que facilita y registra el contenido de reuniones para cubrir la necesidad de presentarlo en una auditor\u00eda.<\/p><p><br \/>Est\u00e1 creada de tal manera que los usuarios puedan utilizarla con comodidad gracias a la existencia de <strong>plantillas<\/strong> y la posibilidad de ajustar el documento a las necesidades de la reuni\u00f3n o los temas tratados.<\/p>\t\t\t\t\t\t\t\t<\/div>\n\t\t\t\t<div class=\"elementor-element elementor-element-055964b elementor-align--mobilecenter elementor-align--tabletcenter elementor-widget__width-initial elementor-align-center elementor-widget elementor-widget-elementskit-button\" data-id=\"055964b\" data-element_type=\"widget\" data-e-type=\"widget\" data-widget_type=\"elementskit-button.default\">\n\t\t\t\t\t<div class=\"ekit-wid-con\" >\t\t<div class=\"ekit-btn-wraper\">\n\t\t\t\t\t\t\t<a href=\"https:\/\/www.eticoaldia.es\/\" class=\"elementskit-btn  whitespace--normal\" id=\"\">\n\t\t\t\t\tM\u00e1s info\t\t\t\t<\/a>\n\t\t\t\t\t<\/div>\n        <\/div>\t\t\t\t<\/div>\n\t\t\t\t<\/div>\n\t\t\t\t\t<\/div>\n\t\t\t\t<\/div>\n\t\t\t\t<\/div>\n\t\t","protected":false},"excerpt":{"rendered":"<p>Aplicaciones para facilitar el cumplimiento normativo En ConSigno hemos desarrollado aplicaciones propias para ayudar a las organizaciones a gestionar sus sistemas de: Compliance Penal, Normas ISO Para hacerlo de forma: Pr\u00e1ctica, Ordenada, Auditable \u00a0 Habla con un experto. Queremos escucharte M\u00e1s info ISOAld\u00eda (Compliance Penal) Aplicaci\u00f3n dise\u00f1ada para facilitar la gesti\u00f3n, seguimiento y control del sistema de Compliance Penal, permitiendo demostrar diligencia y supervisi\u00f3n efectiva. IsoAld\u00eda es una herramienta creada a partir de nuestra amplia experiencia en Sistemas de Gesti\u00f3n basados en normas ISO Sistemas de Compliance Penal.Habla con un experto. Queremos escucharte. Habla con un experto. Queremos escucharte. M\u00e1s info \u00c9ticoAld\u00eda Soluci\u00f3n tecnol\u00f3gica para la gesti\u00f3n del canal de denuncias conforme a la Ley 2\/2023, integrada con el sistema de Compliance Penal. Habla con un experto. Queremos escucharte. M\u00e1s info ActaAld\u00eda ActaAld\u00eda es una herramienta que facilita y registra el contenido de reuniones para cubrir la necesidad de presentarlo en una auditor\u00eda. Est\u00e1 creada de tal manera que los usuarios puedan utilizarla con comodidad gracias a la existencia de plantillas y la posibilidad de ajustar el documento a las necesidades de la reuni\u00f3n o los temas tratados. M\u00e1s info<\/p>\n","protected":false},"author":1,"featured_media":0,"parent":0,"menu_order":0,"comment_status":"closed","ping_status":"closed","template":"","meta":{"footnotes":""},"class_list":["post-523","page","type-page","status-publish","hentry"],"_links":{"self":[{"href":"https:\/\/e2.servicios-empresa.com\/index.php\/wp-json\/wp\/v2\/pages\/523","targetHints":{"allow":["GET"]}}],"collection":[{"href":"https:\/\/e2.servicios-empresa.com\/index.php\/wp-json\/wp\/v2\/pages"}],"about":[{"href":"https:\/\/e2.servicios-empresa.com\/index.php\/wp-json\/wp\/v2\/types\/page"}],"author":[{"embeddable":true,"href":"https:\/\/e2.servicios-empresa.com\/index.php\/wp-json\/wp\/v2\/users\/1"}],"replies":[{"embeddable":true,"href":"https:\/\/e2.servicios-empresa.com\/index.php\/wp-json\/wp\/v2\/comments?post=523"}],"version-history":[{"count":28,"href":"https:\/\/e2.servicios-empresa.com\/index.php\/wp-json\/wp\/v2\/pages\/523\/revisions"}],"predecessor-version":[{"id":949,"href":"https:\/\/e2.servicios-empresa.com\/index.php\/wp-json\/wp\/v2\/pages\/523\/revisions\/949"}],"wp:attachment":[{"href":"https:\/\/e2.servicios-empresa.com\/index.php\/wp-json\/wp\/v2\/media?parent=523"}],"curies":[{"name":"wp","href":"https:\/\/api.w.org\/{rel}","templated":true}]}}